{"id":237,"date":"2014-02-09T10:57:54","date_gmt":"2014-02-09T09:57:54","guid":{"rendered":"http:\/\/www.mixmastudio.se\/?page_id=237"},"modified":"2026-01-08T14:36:09","modified_gmt":"2026-01-08T13:36:09","slug":"aktuellt-3","status":"publish","type":"page","link":"https:\/\/www.mixmastudio.se\/?page_id=237","title":{"rendered":"Aktuellt"},"content":{"rendered":"<p><a href=\"https:\/\/open.spotify.com\/album\/36cBQTUCNn8o6u7j69yxLP?si=2JPoS2dzTxOi41GnHCICfA&amp;dl_branch=1\"><em><img loading=\"lazy\" decoding=\"async\" class=\"alignnone wp-image-453\" src=\"https:\/\/www.mixmastudio.se\/wp-content\/uploads\/Longin-Lovin-Cryin-300x300.jpg\" alt=\"\" width=\"240\" height=\"240\" srcset=\"https:\/\/www.mixmastudio.se\/wp-content\/uploads\/Longin-Lovin-Cryin-300x300.jpg 300w, https:\/\/www.mixmastudio.se\/wp-content\/uploads\/Longin-Lovin-Cryin-1024x1024.jpg 1024w, https:\/\/www.mixmastudio.se\/wp-content\/uploads\/Longin-Lovin-Cryin-150x150.jpg 150w, https:\/\/www.mixmastudio.se\/wp-content\/uploads\/Longin-Lovin-Cryin-768x768.jpg 768w, https:\/\/www.mixmastudio.se\/wp-content\/uploads\/Longin-Lovin-Cryin-1536x1536.jpg 1536w, https:\/\/www.mixmastudio.se\/wp-content\/uploads\/Longin-Lovin-Cryin-2048x2048.jpg 2048w\" sizes=\"auto, (max-width: 240px) 100vw, 240px\" \/><\/em><\/a>&#8211; AVSLUTAD<\/p>\n<p>&nbsp;<\/p>\n<hr \/>\n<p>&nbsp;<\/p>\n<p><a href=\"https:\/\/open.spotify.com\/album\/0IrZ2L2VKXXDjkqHb16FDq?si=fdcCP3maSGe6t66Ay4QqOQ\" target=\"_blank\" rel=\"noopener\"><img loading=\"lazy\" decoding=\"async\" class=\"alignnone wp-image-437\" src=\"https:\/\/www.mixmastudio.se\/wp-content\/uploads\/duets-1-300x300.jpg\" alt=\"\" width=\"241\" height=\"241\" srcset=\"https:\/\/www.mixmastudio.se\/wp-content\/uploads\/duets-1-300x300.jpg 300w, https:\/\/www.mixmastudio.se\/wp-content\/uploads\/duets-1-1024x1024.jpg 1024w, https:\/\/www.mixmastudio.se\/wp-content\/uploads\/duets-1-150x150.jpg 150w, https:\/\/www.mixmastudio.se\/wp-content\/uploads\/duets-1-768x768.jpg 768w, https:\/\/www.mixmastudio.se\/wp-content\/uploads\/duets-1-1536x1536.jpg 1536w, https:\/\/www.mixmastudio.se\/wp-content\/uploads\/duets-1-2048x2048.jpg 2048w\" sizes=\"auto, (max-width: 241px) 100vw, 241px\" \/><\/a> &#8211; AVSLUTAD<\/p>\n<p>&nbsp;<\/p>\n<hr \/>\n<p>&nbsp;<\/p>\n<p><a href=\"https:\/\/open.spotify.com\/album\/5sAbgOLolGjydhZ3Uu8F7V?si=oaEoeX-8QZCwJw0U_j6tDw\" target=\"_blank\" rel=\"noopener noreferrer\"><img loading=\"lazy\" decoding=\"async\" class=\"alignnone wp-image-363\" src=\"https:\/\/www.mixmastudio.se\/wp-content\/uploads\/PnT.bmp\" alt=\"\" width=\"242\" height=\"240\" \/><\/a>\u00a0&#8211; AVSLUTAD<\/p>\n<p>&nbsp;<\/p>\n<hr \/>\n<p>&nbsp;<\/p>\n<p><a href=\"https:\/\/open.spotify.com\/album\/0fpS5vIUhJ1ln2SjM3cxAF?si=Glp5jFK_SgGywSFZwiMb9Q\" target=\"_blank\" rel=\"noopener noreferrer\"><img loading=\"lazy\" decoding=\"async\" class=\"alignnone wp-image-359\" src=\"https:\/\/www.mixmastudio.se\/wp-content\/uploads\/CF-300x297.jpg\" alt=\"\" width=\"240\" height=\"237\" srcset=\"https:\/\/www.mixmastudio.se\/wp-content\/uploads\/CF-300x297.jpg 300w, https:\/\/www.mixmastudio.se\/wp-content\/uploads\/CF-303x300.jpg 303w, https:\/\/www.mixmastudio.se\/wp-content\/uploads\/CF.jpg 458w\" sizes=\"auto, (max-width: 240px) 100vw, 240px\" \/><\/a>\u00a0&#8211; AVSLUTAD<\/p>\n<p>&nbsp;<\/p>\n<hr \/>\n<p>&nbsp;<\/p>\n<p><img loading=\"lazy\" decoding=\"async\" class=\"alignnone wp-image-357\" src=\"https:\/\/www.mixmastudio.se\/wp-content\/uploads\/image.jpg\" alt=\"\" width=\"242\" height=\"242\" srcset=\"https:\/\/www.mixmastudio.se\/wp-content\/uploads\/image.jpg 300w, https:\/\/www.mixmastudio.se\/wp-content\/uploads\/image-150x150.jpg 150w\" sizes=\"auto, (max-width: 242px) 100vw, 242px\" \/> &#8211; AVSLUTAD<\/p>\n<p>&nbsp;<\/p>\n<hr \/>\n<p>&nbsp;<\/p>\n<p><a href=\"https:\/\/open.spotify.com\/album\/6JIFeGi57MhGCN55kKhDix\" target=\"_blank\" rel=\"noopener noreferrer\"><img loading=\"lazy\" decoding=\"async\" class=\"alignnone wp-image-336\" src=\"https:\/\/www.mixmastudio.se\/wp-content\/uploads\/Tiden-Puls-C-300x300.jpg\" alt=\"\" width=\"240\" height=\"240\" srcset=\"https:\/\/www.mixmastudio.se\/wp-content\/uploads\/Tiden-Puls-C-300x300.jpg 300w, https:\/\/www.mixmastudio.se\/wp-content\/uploads\/Tiden-Puls-C-150x150.jpg 150w, https:\/\/www.mixmastudio.se\/wp-content\/uploads\/Tiden-Puls-C.jpg 600w\" sizes=\"auto, (max-width: 240px) 100vw, 240px\" \/><\/a> &#8211; AVSLUTAD<\/p>\n<p>&nbsp;<\/p>\n<hr \/>\n<p>&nbsp;<\/p>\n<p><a title=\"BLOD\" href=\"https:\/\/www.facebook.com\/blod.smedjebacken?fref=nf\" target=\"_blank\" rel=\"noopener noreferrer\"><img loading=\"lazy\" decoding=\"async\" class=\"alignnone size-medium wp-image-301\" src=\"https:\/\/www.mixmastudio.se\/wp-content\/uploads\/aktuell_blod_affisch_Anja_Hjelte-212x300.jpg\" alt=\"aktuell_blod_affisch_Anja_Hjelte\" width=\"212\" height=\"300\" srcset=\"https:\/\/www.mixmastudio.se\/wp-content\/uploads\/aktuell_blod_affisch_Anja_Hjelte-212x300.jpg 212w, https:\/\/www.mixmastudio.se\/wp-content\/uploads\/aktuell_blod_affisch_Anja_Hjelte-723x1024.jpg 723w\" sizes=\"auto, (max-width: 212px) 100vw, 212px\" \/><\/a>\u00a0&#8211; AVSLUTAD<\/p>\n<p><a href=\"https:\/\/www.mixmastudio.se\/?page_id=72\"><img loading=\"lazy\" decoding=\"async\" src=\"https:\/\/www.mixmastudio.se\/wp-content\/uploads\/blodcd-300x225.jpg\" alt=\"blodcd\" width=\"204\" height=\"156\" \/><\/a>\u00a0&#8211; K\u00f6p skivan med 19 originals\u00e5nger fr\u00e5n Blod! (60 kr)<\/p>\n<p>&nbsp;<\/p>\n<hr \/>\n<p>&nbsp;<\/p>\n<p><img loading=\"lazy\" decoding=\"async\" class=\"alignnone wp-image-222\" src=\"https:\/\/www.mixmastudio.se\/wp-content\/uploads\/untitled.png\" alt=\"untitled\" width=\"226\" height=\"241\" \/>\u00a0&#8211; AVSLUTAD<\/p>\n<p style=\"text-align: left;\"><strong>\u00a0<\/strong><\/p>\n<p style=\"text-align: left;\"><a title=\"BLOD\" href=\"https:\/\/www.facebook.com\/blod.smedjebacken?fref=nf\" target=\"_blank\" rel=\"noopener noreferrer\">\u00a0<\/a><\/p>\n<p style=\"text-align: left;\"><a href=\"https:\/\/www.facebook.com\/blod.smedjebacken?fref=nf\" target=\"_blank\" rel=\"noopener noreferrer\">\u00a0<\/a><\/p>\n<p style=\"text-align: left;\"><strong>\u00a0<\/strong><\/p>\n<p style=\"text-align: center;\">\u00a0 \u00a0 \u00a0 Copyright\u00a92026 mixmastudio.se<\/p>\n<p>&nbsp;<\/p>\n<p>&nbsp;<\/p>\n<p>&nbsp;<\/p>\n<p>&nbsp;<\/p>\n<p>&nbsp;<\/p>\n","protected":false},"excerpt":{"rendered":"<p>&#8211; AVSLUTAD &nbsp; &nbsp; &#8211; AVSLUTAD &nbsp; &nbsp; \u00a0&#8211; AVSLUTAD &nbsp; &nbsp; \u00a0&#8211; AVSLUTAD &nbsp; &nbsp; &#8211; AVSLUTAD &nbsp; &nbsp; &#8211; AVSLUTAD &nbsp; &nbsp; \u00a0&#8211; AVSLUTAD \u00a0&#8211; K\u00f6p skivan med 19 originals\u00e5nger fr\u00e5n Blod! (60 kr) &nbsp; &nbsp; \u00a0&#8211; AVSLUTAD &hellip; <a href=\"https:\/\/www.mixmastudio.se\/?page_id=237\">Forts\u00e4tt l\u00e4sa <span class=\"meta-nav\">&rarr;<\/span><\/a><\/p>\n","protected":false},"author":1,"featured_media":0,"parent":7,"menu_order":0,"comment_status":"closed","ping_status":"closed","template":"","meta":{"footnotes":""},"class_list":["post-237","page","type-page","status-publish","hentry"],"_links":{"self":[{"href":"https:\/\/www.mixmastudio.se\/index.php?rest_route=\/wp\/v2\/pages\/237","targetHints":{"allow":["GET"]}}],"collection":[{"href":"https:\/\/www.mixmastudio.se\/index.php?rest_route=\/wp\/v2\/pages"}],"about":[{"href":"https:\/\/www.mixmastudio.se\/index.php?rest_route=\/wp\/v2\/types\/page"}],"author":[{"embeddable":true,"href":"https:\/\/www.mixmastudio.se\/index.php?rest_route=\/wp\/v2\/users\/1"}],"replies":[{"embeddable":true,"href":"https:\/\/www.mixmastudio.se\/index.php?rest_route=%2Fwp%2Fv2%2Fcomments&post=237"}],"version-history":[{"count":68,"href":"https:\/\/www.mixmastudio.se\/index.php?rest_route=\/wp\/v2\/pages\/237\/revisions"}],"predecessor-version":[{"id":560,"href":"https:\/\/www.mixmastudio.se\/index.php?rest_route=\/wp\/v2\/pages\/237\/revisions\/560"}],"up":[{"embeddable":true,"href":"https:\/\/www.mixmastudio.se\/index.php?rest_route=\/wp\/v2\/pages\/7"}],"wp:attachment":[{"href":"https:\/\/www.mixmastudio.se\/index.php?rest_route=%2Fwp%2Fv2%2Fmedia&parent=237"}],"curies":[{"name":"wp","href":"https:\/\/api.w.org\/{rel}","templated":true}]}}