{"id":30,"date":"2013-03-21T15:28:42","date_gmt":"2013-03-21T14:28:42","guid":{"rendered":"http:\/\/system.svenskadomaner.se\/~mixmastu\/?page_id=30"},"modified":"2026-01-08T14:35:20","modified_gmt":"2026-01-08T13:35:20","slug":"produkter","status":"publish","type":"page","link":"https:\/\/www.mixmastudio.se\/?page_id=30","title":{"rendered":"Tj\u00e4nster"},"content":{"rendered":"<ul>\n<li>Track by track-inspelning<\/li>\n<li>S\u00e5ng eller instrument p\u00e5l\u00e4gg<\/li>\n<li>Bakgrundsmusik<\/li>\n<li>F\u00f6retagsreklam<\/li>\n<li>Ljudl\u00e4ggning f\u00f6r film\/foto<\/li>\n<li>M\u00f6hippor\/Svensexor<\/li>\n<li>Demos<\/li>\n<li>Fullproduktioner<\/li>\n<li>Utbildning<\/li>\n<li>Konverteringar<\/li>\n<\/ul>\n<h4><\/h4>\n<p>&nbsp;<\/p>\n<p>&nbsp;<\/p>\n<p>&nbsp;<\/p>\n<p>&nbsp;<\/p>\n<p>Copyright\u00a92026 mixmastudio.se<\/p>\n<p>&nbsp;<\/p>\n<p>&nbsp;<\/p>\n<p>&nbsp;<\/p>\n<p>&nbsp;<\/p>\n<p>&nbsp;<\/p>\n<p>&nbsp;<\/p>\n","protected":false},"excerpt":{"rendered":"<p>Track by track-inspelning S\u00e5ng eller instrument p\u00e5l\u00e4gg Bakgrundsmusik F\u00f6retagsreklam Ljudl\u00e4ggning f\u00f6r film\/foto M\u00f6hippor\/Svensexor Demos Fullproduktioner Utbildning Konverteringar &nbsp; &nbsp; &nbsp; &nbsp; Copyright\u00a92026 mixmastudio.se &nbsp; &nbsp; &nbsp; &nbsp; &nbsp; &nbsp;<\/p>\n","protected":false},"author":1,"featured_media":0,"parent":7,"menu_order":0,"comment_status":"closed","ping_status":"closed","template":"","meta":{"footnotes":""},"class_list":["post-30","page","type-page","status-publish","hentry"],"_links":{"self":[{"href":"https:\/\/www.mixmastudio.se\/index.php?rest_route=\/wp\/v2\/pages\/30","targetHints":{"allow":["GET"]}}],"collection":[{"href":"https:\/\/www.mixmastudio.se\/index.php?rest_route=\/wp\/v2\/pages"}],"about":[{"href":"https:\/\/www.mixmastudio.se\/index.php?rest_route=\/wp\/v2\/types\/page"}],"author":[{"embeddable":true,"href":"https:\/\/www.mixmastudio.se\/index.php?rest_route=\/wp\/v2\/users\/1"}],"replies":[{"embeddable":true,"href":"https:\/\/www.mixmastudio.se\/index.php?rest_route=%2Fwp%2Fv2%2Fcomments&post=30"}],"version-history":[{"count":25,"href":"https:\/\/www.mixmastudio.se\/index.php?rest_route=\/wp\/v2\/pages\/30\/revisions"}],"predecessor-version":[{"id":557,"href":"https:\/\/www.mixmastudio.se\/index.php?rest_route=\/wp\/v2\/pages\/30\/revisions\/557"}],"up":[{"embeddable":true,"href":"https:\/\/www.mixmastudio.se\/index.php?rest_route=\/wp\/v2\/pages\/7"}],"wp:attachment":[{"href":"https:\/\/www.mixmastudio.se\/index.php?rest_route=%2Fwp%2Fv2%2Fmedia&parent=30"}],"curies":[{"name":"wp","href":"https:\/\/api.w.org\/{rel}","templated":true}]}}